{"id":19,"date":"2023-05-04T12:52:26","date_gmt":"2023-05-04T12:52:26","guid":{"rendered":"https:\/\/eshoearnkori.com\/?page_id=19"},"modified":"2023-05-04T13:10:20","modified_gmt":"2023-05-04T13:10:20","slug":"casino","status":"publish","type":"page","link":"https:\/\/eshoearnkori.com\/?page_id=19","title":{"rendered":"Utl\u00e4ndska casinon och s\u00e4kra licenser"},"content":{"rendered":"<p>Det \u00e4r v\u00e4ldigt enkelt att spela p\u00e5 ett utl\u00e4ndskt casino, precis lika enkelt som p\u00e5 ett svenskt. Skillnaden \u00e4r spr\u00e5ket. Det f\u00f6rsta du beh\u00f6ver g\u00f6ra n\u00e4r du ska spela p\u00e5 ett utl\u00e4ndskt casino \u00e4r att hitta ett bra casino att spela p\u00e5. Ett casino som har en s\u00e4ker licens och som varit verksamt under den en period \u00e4r ofta ett bra val. Exempel p\u00e5 s\u00e5dana s\u00e4kra licenser \u00e4r de fr\u00e5n Malta och Curacao. Du kan \u00e4ven l\u00e4sa recensioner om det olika licenserna p\u00e5 n\u00e4tet. D\u00e5 kommer du snabbt inse <a href=\"https:\/\/www.framtid.se\/yrke\/licensexpert\">vilka licenser som \u00e4r tillf\u00f6rlitliga<\/a> och mer s\u00e4kra.<\/p>\n","protected":false},"excerpt":{"rendered":"<p>Det \u00e4r v\u00e4ldigt enkelt att spela p\u00e5 ett utl\u00e4ndskt casino, precis lika enkelt som p\u00e5 ett svenskt. Skillnaden \u00e4r spr\u00e5ket. Det f\u00f6rsta du beh\u00f6ver g\u00f6ra n\u00e4r du ska spela p\u00e5 ett utl\u00e4ndskt casino \u00e4r att hitta ett bra casino att spela p\u00e5. Ett casino som har en s\u00e4ker licens och som varit verksamt under den [&hellip;]<\/p>\n","protected":false},"author":3,"featured_media":0,"parent":0,"menu_order":0,"comment_status":"closed","ping_status":"closed","template":"","meta":[],"_links":{"self":[{"href":"https:\/\/eshoearnkori.com\/index.php?rest_route=\/wp\/v2\/pages\/19"}],"collection":[{"href":"https:\/\/eshoearnkori.com\/index.php?rest_route=\/wp\/v2\/pages"}],"about":[{"href":"https:\/\/eshoearnkori.com\/index.php?rest_route=\/wp\/v2\/types\/page"}],"author":[{"embeddable":true,"href":"https:\/\/eshoearnkori.com\/index.php?rest_route=\/wp\/v2\/users\/3"}],"replies":[{"embeddable":true,"href":"https:\/\/eshoearnkori.com\/index.php?rest_route=%2Fwp%2Fv2%2Fcomments&post=19"}],"version-history":[{"count":2,"href":"https:\/\/eshoearnkori.com\/index.php?rest_route=\/wp\/v2\/pages\/19\/revisions"}],"predecessor-version":[{"id":23,"href":"https:\/\/eshoearnkori.com\/index.php?rest_route=\/wp\/v2\/pages\/19\/revisions\/23"}],"wp:attachment":[{"href":"https:\/\/eshoearnkori.com\/index.php?rest_route=%2Fwp%2Fv2%2Fmedia&parent=19"}],"curies":[{"name":"wp","href":"https:\/\/api.w.org\/{rel}","templated":true}]}}